{"id":2282,"date":"2017-03-09T15:04:44","date_gmt":"2017-03-09T18:04:44","guid":{"rendered":"http:\/\/fada.org.ar\/web\/?page_id=2282"},"modified":"2024-12-06T12:29:36","modified_gmt":"2024-12-06T15:29:36","slug":"datos-institucionales","status":"publish","type":"page","link":"https:\/\/fada.org.ar\/web\/datos-institucionales\/","title":{"rendered":"Datos institucionales"},"content":{"rendered":"\n<p><strong>Federaci\u00f3n Argentina de Aeroclubes<\/strong><br>Dr. Tom\u00e1s de Anchorena 275 &#8211; P.B &#8211; CPA: C1170ACC<br>Ciudad Aut\u00f3noma de Buenos Aires<br>Tel: 11-2049-6971<br>e-Mail: info(arroba)fada.org.ar<br>Web: www.fada.org.ar<br>Facebook: facebook.com\/FADAeroclubes<br>Twitter: @fada_org <br>Instagram: @fada_org <br>Canal de FADA en Whatsapp: <a href=\"https:\/\/whatsapp.com\/channel\/0029VajA3XOFSAszFO0e5V2L\">https:\/\/whatsapp.com\/channel\/0029VajA3XOFSAszFO0e5V2L<\/a><\/p>\n\n\n\n<p><strong>Nueva Cuenta Corriente de la FADA &#8211; Banco Santander<\/strong><br><strong>Cuenta Corriente en Pesos 114-575412\/4<\/strong><br>CBU: 0720114720000057541318<br>Raz\u00f3n Social: FEDERACION ARGENTINA DE AEROCL<br>CUIT\/CUIL: 30678384247<br><strong>Alias: fed.arg.aeroclubes<\/strong><\/p>\n\n\n\n<p><strong>Estatuto<\/strong>: <a href=\"https:\/\/fada.org.ar\/web\/wp-content\/uploads\/2024\/12\/FADA-Estatutos-new-digital.pdf\" target=\"_blank\" rel=\"noopener\">Descargar aqu\u00ed<\/a><\/p>\n","protected":false},"excerpt":{"rendered":"<p>Federaci\u00f3n Argentina de AeroclubesDr. Tom\u00e1s de Anchorena 275 &#8211; P.B &#8211; CPA: C1170ACCCiudad Aut\u00f3noma de Buenos AiresTel: 11-2049-6971e-Mail: info(arroba)fada.org.arWeb: www.fada.org.arFacebook: facebook.com\/FADAeroclubesTwitter: @fada_org Instagram: @fada_org Canal de FADA en Whatsapp: https:\/\/whatsapp.com\/channel\/0029VajA3XOFSAszFO0e5V2L Nueva Cuenta Corriente de la FADA &#8211; Banco SantanderCuenta Corriente en Pesos 114-575412\/4CBU: 0720114720000057541318Raz\u00f3n Social: FEDERACION ARGENTINA DE AEROCLCUIT\/CUIL: 30678384247Alias: fed.arg.aeroclubes Estatuto: Descargar aqu\u00ed<\/p>\n","protected":false},"author":1,"featured_media":0,"parent":0,"menu_order":0,"comment_status":"closed","ping_status":"closed","template":"","meta":{"_et_pb_use_builder":"","_et_pb_old_content":"","_et_gb_content_width":"","footnotes":""},"class_list":["post-2282","page","type-page","status-publish","hentry"],"_links":{"self":[{"href":"https:\/\/fada.org.ar\/web\/wp-json\/wp\/v2\/pages\/2282","targetHints":{"allow":["GET"]}}],"collection":[{"href":"https:\/\/fada.org.ar\/web\/wp-json\/wp\/v2\/pages"}],"about":[{"href":"https:\/\/fada.org.ar\/web\/wp-json\/wp\/v2\/types\/page"}],"author":[{"embeddable":true,"href":"https:\/\/fada.org.ar\/web\/wp-json\/wp\/v2\/users\/1"}],"replies":[{"embeddable":true,"href":"https:\/\/fada.org.ar\/web\/wp-json\/wp\/v2\/comments?post=2282"}],"version-history":[{"count":8,"href":"https:\/\/fada.org.ar\/web\/wp-json\/wp\/v2\/pages\/2282\/revisions"}],"predecessor-version":[{"id":19381,"href":"https:\/\/fada.org.ar\/web\/wp-json\/wp\/v2\/pages\/2282\/revisions\/19381"}],"wp:attachment":[{"href":"https:\/\/fada.org.ar\/web\/wp-json\/wp\/v2\/media?parent=2282"}],"curies":[{"name":"wp","href":"https:\/\/api.w.org\/{rel}","templated":true}]}}